{"id":502,"date":"2022-07-07T03:20:38","date_gmt":"2022-07-07T01:20:38","guid":{"rendered":"https:\/\/offres-classe7.fr\/kit-com\/?page_id=502"},"modified":"2022-09-21T01:40:16","modified_gmt":"2022-09-20T23:40:16","slug":"mentions-legales","status":"publish","type":"page","link":"https:\/\/offres-classe7.fr\/kit-com\/mentions-legales\/","title":{"rendered":"Mentions l\u00e9gales"},"content":{"rendered":"<p>[vc_row gap=\u00a0\u00bb0&Prime; equal_height=\u00a0\u00bbyes\u00a0\u00bb content_placement=\u00a0\u00bbtop\u00a0\u00bb bg_position=\u00a0\u00bbright center\u00a0\u00bb enable_row_dividers=\u00a0\u00bbyes\u00a0\u00bb css=\u00a0\u00bb.vc_custom_1663717213108{padding-top: 100px !important;padding-right: 0px !important;padding-bottom: 0px !important;padding-left: 0px !important;background-color: #072172 !important;background-position: center !important;background-repeat: no-repeat !important;background-size: contain !important;}\u00a0\u00bb row_svg_divider=\u00a0\u00bbtop_shape_height:0|bottom_shape_type:6|bottom_shape_color:%23ffffff|bottom_shape_height:50|bottom_shape_bringtofront:yes\u00a0\u00bb][vc_column width=\u00a0\u00bb5\/12&Prime; offset=\u00a0\u00bbvc_col-lg-offset-0 vc_col-md-offset-0 vc_col-sm-offset-0&Prime; css=\u00a0\u00bb.vc_custom_1657157115073{padding-top: 100px !important;padding-right: 20px !important;padding-bottom: 100px !important;padding-left: 20px !important;}\u00a0\u00bb]<style>.ld_fancy_heading_69d4a80ddd212 h1{color:rgb(255, 255, 255);}@media (min-width: 768px) { .ld_fancy_heading_69d4a80ddd212 h1 {padding-right:20px !important; padding-left:20px !important;  }  } @media (min-width: 1200px) { .ld_fancy_heading_69d4a80ddd212 h1 {padding-right:0px !important; padding-left:0px !important;  }  } .ld_fancy_heading_69d4a80ddd212 h1 {margin-bottom:35px !important;  } @media (min-width: 768px) { .ld_fancy_heading_69d4a80ddd212 h1 {margin-bottom:20px !important;  }  } .ld_fancy_heading_69d4a80ddd212 .lqd-highlight-inner{height:0.55em!important;bottom:0px!important;background:rgb(7, 89, 255)!important;}@media (min-width: 768px) { .ld_fancy_heading_69d4a80ddd212 h1 {padding-right:20px !important; padding-left:20px !important;  }  } @media (min-width: 1200px) { .ld_fancy_heading_69d4a80ddd212 h1 {padding-right:0px !important; padding-left:0px !important;  }  } .ld_fancy_heading_69d4a80ddd212 h1 {margin-bottom:35px !important;  } @media (min-width: 768px) { .ld_fancy_heading_69d4a80ddd212 h1 {margin-bottom:20px !important;  }  } <\/style><div class=\"ld-fancy-heading text-left ld_fancy_heading_69d4a80ddd212\">\n\t<h1 class=\"ld-fh-element lqd-highlight-underline lqd-highlight-grow-bottom text-decoration-default h1\"  data-inview=\"true\" data-transition-delay=\"true\" data-delay-options=\"{&quot;elements&quot;:&quot;.lqd-highlight-inner&quot;,&quot;delayType&quot;:&quot;transition&quot;}\"  >  Mentions<br \/>\n<strong><mark class=\"lqd-highlight\"><span class=\"lqd-highlight-txt\"  >l\u00e9gales<\/span><span class=\"lqd-highlight-inner\"><svg class=\"lqd-highlight-brush-svg\" xmlns=\"http:\/\/www.w3.org\/2000\/svg\" width=\"235.509\" height=\"13.504\" viewBox=\"0 0 235.509 13.504\" aria-hidden=\"true\" preserveAspectRatio=\"none\"><path d=\"M163,.383a13.044,13.044,0,0,1,1.517-.072,3.528,3.528,0,0,1,1.237-.134q.618.044,1.237.044a.249.249,0,0,1-.1.178.337.337,0,0,0-.1.266q3.092.088,6.184-.044T178.953.4l-.206-.088a12,12,0,0,0,4.123,0,13.467,13.467,0,0,1,5.772,0q1.443-.178,2.68-.266A5.978,5.978,0,0,1,193.8.4,16.707,16.707,0,0,1,198.01.045q2.164.088,4.844.088-.618.088-.824.134L201.412.4a3.893,3.893,0,0,0,2.061,0,5.413,5.413,0,0,1,1.649-.356q.618.088,1.134.178a9.762,9.762,0,0,0,1.544.09,17,17,0,0,1,3.092-.266q1.649,0,3.5.178,2.886.088,5.875.044t5.875-.222q0,.088.206.088h.412a21.975,21.975,0,0,0,2.577.889A12.458,12.458,0,0,1,232.12,2.18a3.962,3.962,0,0,1,1.031.622A3.349,3.349,0,0,1,234.8,3.825a5.079,5.079,0,0,1,.618,1.111q.412.534-1.031.98-1.031.444-.618.98a2.09,2.09,0,0,1,.206.889q0,.444.825.889.618.8-.206,1.245l-1.237.534q-1.443-.088-2.68-.134a17.255,17.255,0,0,1-2.267-.222,3.128,3.128,0,0,0-.928-.044,3.129,3.129,0,0,1-.928-.044q-2.267-.178-4.432-.266T217.7,9.476q-1.649-.088-2.886-.088a17.343,17.343,0,0,1-2.474-.178q-3.916,0-7.73-.088t-7.73-.266l-12.471-.178q-6.287-.088-12.883-.088h-1.958q-.928,0-1.958.088h-2.061q-1.031,0-2.061-.088-2.68-.088-5.256-.134t-5.256.044h-5.462q-2.577,0-5.462.088-4.535.088-8.76.178t-8.554.088q-2.886.088-5.875.088t-5.875.088q-1.443.088-2.886.134t-3.092.044q-4.741.178-9.791.312t-9.791.312q-2.267.088-4.329.088T78.77,10.1q-4.329.266-8.863.49t-9.276.49q-1.237.088-2.68.134a24.356,24.356,0,0,0-2.683.224q-2.68.178-5.462.312t-5.668.4q-2.474.266-4.741.312t-4.741.044q-1.031-.088-1.958-.134a9.684,9.684,0,0,1-1.958-.312,12.5,12.5,0,0,0-1.443-.312q-.825-.134-1.856-.31-2.886.356-6.39.666t-6.8.845a26.709,26.709,0,0,1-2.886.356,20.758,20.758,0,0,1-9.482-.889Q.232,11.962.026,11.25T1.263,9.917q0-.266.825-.266a13.039,13.039,0,0,0,2.886-.444A17.187,17.187,0,0,1,7.86,8.672q3.092-.266,6.184-.8,1.649-.178,3.3-.312t3.5-.312q4.123-.354,8.039-.712t8.039-.622q9.478-.8,18.758-1.338,2.68-.178,5.153-.356t4.741-.356q2.474-.178,5.05-.356T75.88,3.24h1.34a4.829,4.829,0,0,0,1.34-.178q2.267-.178,4.329-.222t4.329-.134a7.256,7.256,0,0,1,2.267,0,3.459,3.459,0,0,0,1.031-.088,6.009,6.009,0,0,1,2.37-.266,14.745,14.745,0,0,0,2.783-.088q1.649,0,2.474.088a1.308,1.308,0,0,1,.185.011,1.226,1.226,0,0,1,.33-.1,3.656,3.656,0,0,0,.515-.088,4.433,4.433,0,0,1,2.886.266q.412-.088,1.031-.178l1.237-.178q.412,0,1.031.044a5.761,5.761,0,0,0,1.237-.044q2.886-.088,5.772-.044a53.829,53.829,0,0,0,5.772-.222,9.505,9.505,0,0,1,1.34-.088h1.34a4.428,4.428,0,0,1,.821-.258l.825-.178a15.178,15.178,0,0,1,1.855.444,3.028,3.028,0,0,1,1.031-.534,4.039,4.039,0,0,1,1.443-.178,6.158,6.158,0,0,1,1.649.178,5.05,5.05,0,0,0,2.267.268q1.855-.088,3.813-.134T138.13,1.2q1.031,0,2.164-.044t2.37-.044q-.206-.088.412-.534h3.092q.412,0,.309.266t.928,0a5.845,5.845,0,0,1,1.443,0,31.833,31.833,0,0,0,5.359.088,21.471,21.471,0,0,1,6.8.178,5.236,5.236,0,0,0,1.031-.4q.412-.222.825-.4a.694.694,0,0,1,.137.07Z\" transform=\"translate(0 0.002)\"\/><\/svg><\/span><\/mark><\/strong><\/h1><\/div>[\/vc_column][vc_column width=\u00a0\u00bb1\/2&Prime; column_top_onmobile=\u00a0\u00bbyes\u00a0\u00bb][\/vc_column][\/vc_row][vc_row gap=\u00a0\u00bb0&Prime; bg_position=\u00a0\u00bbright center\u00a0\u00bb css=\u00a0\u00bb.vc_custom_1657156873717{padding-bottom: 100px !important;background-position: center !important;background-repeat: no-repeat !important;background-size: contain !important;}\u00a0\u00bb][vc_column]<style>.ld_fancy_heading_69d4a80ddd9b9 .lqd-highlight-inner{height:0.275em!important;bottom:0px!important;}<\/style><div class=\"ld-fancy-heading ld_fancy_heading_69d4a80ddd9b9\">\n\t<p class=\"ld-fh-element lqd-highlight-underline lqd-highlight-grow-left text-decoration-default\"   >  Conform\u00e9ment aux dispositions des articles 6-III et 19 de la loi pour la Confiance dans l\u2019\u00c9conomie Num\u00e9rique.<\/p>\n<p>&nbsp;<\/p>\n<p><strong>Editeur du site et responsable de la publication :<\/strong><\/p>\n<p>Le directeur de la publication du site www.classe7.fr est M. St\u00e9n Bienvenu, en sa qualit\u00e9 de G\u00e9rant de l\u2019entreprise \u00ab CLASSE 7 COMMUNICATION\u00bb, dont le si\u00e8ge social est situ\u00e9 : 1 rue Alain Bombard \u2013 44800 Saint-Herblain.<\/p>\n<p><strong>T\u00e9l<\/strong> : (+33)2 40 95 59 95<\/p>\n<p><strong>Siret<\/strong> : 792 978 744 R.C.S. NANTES<\/p>\n<p>&nbsp;<\/p>\n<p><strong>H\u00e9bergeur du Site<\/strong> : Soci\u00e9t\u00e9 OVH http:\/\/www.ovh.com<\/p>\n<p>SAS au capital de 10 000 000 \u20ac RCS Roubaix \u2013 Tourcoing 424 761 419 00045<\/p>\n<p>Code APE 6202A \u2013 N\u00b0 TVA : FR 22 424 761 419<\/p>\n<p>Si\u00e8ge social : 2 rue Kellermann 59100 Roubaix \u2013 France<\/p>\n<p>&nbsp;<\/p>\n<p><strong>Cr\u00e9ateur du site<\/strong> : Agence et si\u00e8ge social : 1 rue Alain Bombard \u2013 44800 Saint-Herblain.<\/p>\n<p><strong>RCS Nantes<\/strong> : 792978744 00045<\/p>\n<p><strong>N.I.I.<\/strong> : FR89 792978744<\/p>\n<p><strong>APE<\/strong> : 7311 Z<\/p>\n<p><strong>T\u00e9l<\/strong> : (+33)2 40 95 59 95<\/p>\n<p><strong>Email<\/strong> : contact(at).classe7.fr<\/p><\/div><style>.ld_fancy_heading_69d4a80dddbe6 .lqd-highlight-inner{height:0.275em!important;bottom:0px!important;}<\/style><div class=\"ld-fancy-heading ld_fancy_heading_69d4a80dddbe6\">\n\t<p class=\"ld-fh-element lqd-highlight-underline lqd-highlight-grow-left text-decoration-default\"   >  <strong>ARTICLE 1 : OBJET<\/strong><\/p>\n<p>La pr\u00e9sente notice a pour objet de d\u00e9finir les modalit\u00e9s selon lesquelles CLASSE7 met \u00e0 la disposition des internautes son Site Internet www.classe7.fr et les conditions selon lesquelles les internautes acc\u00e8dent et utilisent ce Site Internet. Toute connexion au Site www.classe7.fr est subordonn\u00e9e au respect de la pr\u00e9sente notice l\u00e9gale que CLASSE7 se r\u00e9serve de modifier ou de mettre \u00e0 jour \u00e0 tout moment. L\u2019acc\u00e8s et l\u2019utilisation du Site www.classe7.fr entra\u00eenent votre adh\u00e9sion \u00e0 la pr\u00e9sente notice l\u00e9gale. Si vous n\u2019\u00e9tiez pas en accord avec les clauses \u00e9nonc\u00e9es ci-apr\u00e8s, il vous est conseill\u00e9 ne pas utiliser ce Site.<\/p>\n<p>&nbsp;<\/p>\n<p><strong>ARTICLE 2 : ACCES AU SITE<\/strong><\/p>\n<p>CLASSE7 s\u2019efforce de maintenir accessible le Site, sans pour autant \u00eatre tenue \u00e0 aucune obligation d\u2019y parvenir. Il est pr\u00e9cis\u00e9 qu\u2019\u00e0 des fins de maintenance, de mise \u00e0 jour, et pour toute autre raison notamment d\u2019ordre technique, l\u2019acc\u00e8s au Site pourra \u00eatre interrompu. CLASSE7 n\u2019est en aucun cas responsable de ces interruptions et des cons\u00e9quences qui peuvent en d\u00e9couler pour l\u2019internaute. Par ailleurs, l\u2019\u00e9diteur du Site ne saurait garantir l\u2019exactitude des informations qui y sont diffus\u00e9es. En cons\u00e9quence, l\u2019utilisateur reconna\u00eet utiliser ces informations sous sa responsabilit\u00e9 exclusive.<\/p>\n<p>&nbsp;<\/p>\n<p><strong>ARTICLE 3 : COOKIES <\/strong><\/p>\n<p>L\u2019utilisateur est inform\u00e9 que lors de ses visites sur le site, un cookie peut s\u2019installer automatiquement sur son logiciel de navigation. Le cookie est un bloc de donn\u00e9es qui ne permet pas d\u2019identifier les utilisateurs mais sert \u00e0 enregistrer des informations relatives \u00e0 la navigation de celui-ci sur le site. Le param\u00e9trage du logiciel de navigation permet d\u2019informer de la pr\u00e9sence de cookie et \u00e9ventuellement, de la refuser de la mani\u00e8re d\u00e9crite \u00e0 l\u2019adresse suivante : www.cnil.fr. L\u2019utilisateur dispose de l\u2019ensemble des droits susvis\u00e9s s\u2019agissant des donn\u00e9es \u00e0 caract\u00e8re personnel communiqu\u00e9es par le biais des cookies dans les conditions indiqu\u00e9es ci-dessus. Les utilisateurs de ce site Internet sont tenus de respecter les dispositions de la loi n\u00b078-17 du 6 janvier 1978 modifi\u00e9e, relative \u00e0 l\u2019informatique, aux fichiers et aux libert\u00e9s, dont la violation est passible de sanctions p\u00e9nales. Ils doivent notamment s\u2019abstenir, s\u2019agissant des informations \u00e0 caract\u00e8re personnel auxquelles ils acc\u00e8dent ou pourraient acc\u00e9der, de toute collecte, de toute utilisation d\u00e9tourn\u00e9e d\u2019une mani\u00e8re g\u00e9n\u00e9rale, de tout acte susceptible de porter atteinte \u00e0 la vie priv\u00e9e ou \u00e0 la r\u00e9putation des personnes.<\/p>\n<p>&nbsp;<\/p>\n<p><strong>ARTICLE 4 : PROPRIETE INTELLECTUELLE<\/strong><\/p>\n<p>L\u2019int\u00e9gralit\u00e9 de notre site Web, y compris les textes, images, animations graphiques, fichiers audio et vid\u00e9o, est, sauf disposition contraire explicite, notre propri\u00e9t\u00e9 et ne peut pas \u00eatre reproduite, modifi\u00e9e, transmise, r\u00e9utilis\u00e9e, appropri\u00e9e, utilis\u00e9e ou employ\u00e9e de quelque autre mani\u00e8re \u00e0 des fins publiques ou commerciales sans notre accord \u00e9crit pr\u00e9alable. Toute violation de nos droits de copyright ou autres droits de protection peut entra\u00eener des poursuites civiles ou p\u00e9nales \u00e0 votre encontre. CLASSE7 est propri\u00e9taire du nom de domaine : www.classe7.fr<\/p><\/div>[\/vc_column][\/vc_row]<\/p>\n","protected":false},"excerpt":{"rendered":"<p>[vc_row gap=\u00a0\u00bb0&Prime; equal_height=\u00a0\u00bbyes\u00a0\u00bb content_placement=\u00a0\u00bbtop\u00a0\u00bb bg_position=\u00a0\u00bbright center\u00a0\u00bb enable_row_dividers=\u00a0\u00bbyes\u00a0\u00bb css=\u00a0\u00bb.vc_custom_1663717213108{padding-top: 100px !important;padding-right: 0px !important;padding-bottom: 0px !important;padding-left: 0px !important;background-color: #072172 !important;background-position: center !important;background-repeat: no-repeat !important;background-size: contain !important;}\u00a0\u00bb row_svg_divider=\u00a0\u00bbtop_shape_height:0|bottom_shape_type:6|bottom_shape_color:%23ffffff|bottom_shape_height:50|bottom_shape_bringtofront:yes\u00a0\u00bb][vc_column width=\u00a0\u00bb5\/12&Prime; offset=\u00a0\u00bbvc_col-lg-offset-0 vc_col-md-offset-0 vc_col-sm-offset-0&Prime; css=\u00a0\u00bb.vc_custom_1657157115073{padding-top: 100px !important;padding-right: 20px !important;padding-bottom: 100px !important;padding-left: 20px !important;}\u00a0\u00bb][\/vc_column][vc_column width=\u00a0\u00bb1\/2&Prime; column_top_onmobile=\u00a0\u00bbyes\u00a0\u00bb][\/vc_column][\/vc_row][vc_row gap=\u00a0\u00bb0&Prime; bg_position=\u00a0\u00bbright center\u00a0\u00bb css=\u00a0\u00bb.vc_custom_1657156873717{padding-bottom: 100px !important;background-position: center !important;background-repeat: no-repeat !important;background-size: contain !important;}\u00a0\u00bb][vc_column][\/vc_column][\/vc_row]<\/p>\n","protected":false},"author":1,"featured_media":0,"parent":0,"menu_order":0,"comment_status":"closed","ping_status":"closed","template":"","meta":{"inline_featured_image":false,"footnotes":""},"class_list":["post-502","page","type-page","status-publish","hentry"],"yoast_head":"<!-- This site is optimized with the Yoast SEO plugin v19.7.2 - https:\/\/yoast.com\/wordpress\/plugins\/seo\/ -->\n<title>Mentions l\u00e9gales - Classe 7 - Kit Com<\/title>\n<meta name=\"robots\" content=\"index, follow, max-snippet:-1, max-image-preview:large, max-video-preview:-1\" \/>\n<link rel=\"canonical\" href=\"https:\/\/offres-classe7.fr\/kit-com\/mentions-legales\/\" \/>\n<meta property=\"og:locale\" content=\"fr_FR\" \/>\n<meta property=\"og:type\" content=\"article\" \/>\n<meta property=\"og:title\" content=\"Mentions l\u00e9gales - Classe 7 - Kit Com\" \/>\n<meta property=\"og:description\" content=\"[vc_row gap=\u00a0\u00bb0&Prime; equal_height=\u00a0\u00bbyes\u00a0\u00bb content_placement=\u00a0\u00bbtop\u00a0\u00bb bg_position=\u00a0\u00bbright center\u00a0\u00bb enable_row_dividers=\u00a0\u00bbyes\u00a0\u00bb css=\u00a0\u00bb.vc_custom_1663717213108{padding-top: 100px !important;padding-right: 0px !important;padding-bottom: 0px !important;padding-left: 0px !important;background-color: #072172 !important;background-position: center !important;background-repeat: no-repeat !important;background-size: contain !important;}\u00a0\u00bb row_svg_divider=\u00a0\u00bbtop_shape_height:0|bottom_shape_type:6|bottom_shape_color:%23ffffff|bottom_shape_height:50|bottom_shape_bringtofront:yes\u00a0\u00bb][vc_column width=\u00a0\u00bb5\/12&Prime; offset=\u00a0\u00bbvc_col-lg-offset-0 vc_col-md-offset-0 vc_col-sm-offset-0&Prime; css=\u00a0\u00bb.vc_custom_1657157115073{padding-top: 100px !important;padding-right: 20px !important;padding-bottom: 100px !important;padding-left: 20px !important;}\u00a0\u00bb][\/vc_column][vc_column width=\u00a0\u00bb1\/2&Prime; column_top_onmobile=\u00a0\u00bbyes\u00a0\u00bb][\/vc_column][\/vc_row][vc_row gap=\u00a0\u00bb0&Prime; bg_position=\u00a0\u00bbright center\u00a0\u00bb css=\u00a0\u00bb.vc_custom_1657156873717{padding-bottom: 100px !important;background-position: center !important;background-repeat: no-repeat !important;background-size: contain !important;}\u00a0\u00bb][vc_column][\/vc_column][\/vc_row]\" \/>\n<meta property=\"og:url\" content=\"https:\/\/offres-classe7.fr\/kit-com\/mentions-legales\/\" \/>\n<meta property=\"og:site_name\" content=\"Classe 7 - Kit Com\" \/>\n<meta property=\"article:modified_time\" content=\"2022-09-20T23:40:16+00:00\" \/>\n<meta name=\"twitter:card\" content=\"summary_large_image\" \/>\n<meta name=\"twitter:label1\" content=\"Dur\u00e9e de lecture estim\u00e9e\" \/>\n\t<meta name=\"twitter:data1\" content=\"4 minutes\" \/>\n<script type=\"application\/ld+json\" class=\"yoast-schema-graph\">{\"@context\":\"https:\/\/schema.org\",\"@graph\":[{\"@type\":\"WebPage\",\"@id\":\"https:\/\/offres-classe7.fr\/kit-com\/mentions-legales\/\",\"url\":\"https:\/\/offres-classe7.fr\/kit-com\/mentions-legales\/\",\"name\":\"Mentions l\u00e9gales - Classe 7 - Kit Com\",\"isPartOf\":{\"@id\":\"https:\/\/offres-classe7.fr\/kit-com\/#website\"},\"datePublished\":\"2022-07-07T01:20:38+00:00\",\"dateModified\":\"2022-09-20T23:40:16+00:00\",\"breadcrumb\":{\"@id\":\"https:\/\/offres-classe7.fr\/kit-com\/mentions-legales\/#breadcrumb\"},\"inLanguage\":\"fr-FR\",\"potentialAction\":[{\"@type\":\"ReadAction\",\"target\":[\"https:\/\/offres-classe7.fr\/kit-com\/mentions-legales\/\"]}]},{\"@type\":\"BreadcrumbList\",\"@id\":\"https:\/\/offres-classe7.fr\/kit-com\/mentions-legales\/#breadcrumb\",\"itemListElement\":[{\"@type\":\"ListItem\",\"position\":1,\"name\":\"Accueil\",\"item\":\"https:\/\/offres-classe7.fr\/kit-com\/\"},{\"@type\":\"ListItem\",\"position\":2,\"name\":\"Mentions l\u00e9gales\"}]},{\"@type\":\"WebSite\",\"@id\":\"https:\/\/offres-classe7.fr\/kit-com\/#website\",\"url\":\"https:\/\/offres-classe7.fr\/kit-com\/\",\"name\":\"Classe 7 - Kit Com\",\"description\":\"Embarquez pour l&#039;aventure communication avec un logo et un site\",\"potentialAction\":[{\"@type\":\"SearchAction\",\"target\":{\"@type\":\"EntryPoint\",\"urlTemplate\":\"https:\/\/offres-classe7.fr\/kit-com\/?s={search_term_string}\"},\"query-input\":\"required name=search_term_string\"}],\"inLanguage\":\"fr-FR\"}]}<\/script>\n<!-- \/ Yoast SEO plugin. -->","yoast_head_json":{"title":"Mentions l\u00e9gales - Classe 7 - Kit Com","robots":{"index":"index","follow":"follow","max-snippet":"max-snippet:-1","max-image-preview":"max-image-preview:large","max-video-preview":"max-video-preview:-1"},"canonical":"https:\/\/offres-classe7.fr\/kit-com\/mentions-legales\/","og_locale":"fr_FR","og_type":"article","og_title":"Mentions l\u00e9gales - Classe 7 - Kit Com","og_description":"[vc_row gap=\u00a0\u00bb0&Prime; equal_height=\u00a0\u00bbyes\u00a0\u00bb content_placement=\u00a0\u00bbtop\u00a0\u00bb bg_position=\u00a0\u00bbright center\u00a0\u00bb enable_row_dividers=\u00a0\u00bbyes\u00a0\u00bb css=\u00a0\u00bb.vc_custom_1663717213108{padding-top: 100px !important;padding-right: 0px !important;padding-bottom: 0px !important;padding-left: 0px !important;background-color: #072172 !important;background-position: center !important;background-repeat: no-repeat !important;background-size: contain !important;}\u00a0\u00bb row_svg_divider=\u00a0\u00bbtop_shape_height:0|bottom_shape_type:6|bottom_shape_color:%23ffffff|bottom_shape_height:50|bottom_shape_bringtofront:yes\u00a0\u00bb][vc_column width=\u00a0\u00bb5\/12&Prime; offset=\u00a0\u00bbvc_col-lg-offset-0 vc_col-md-offset-0 vc_col-sm-offset-0&Prime; css=\u00a0\u00bb.vc_custom_1657157115073{padding-top: 100px !important;padding-right: 20px !important;padding-bottom: 100px !important;padding-left: 20px !important;}\u00a0\u00bb][\/vc_column][vc_column width=\u00a0\u00bb1\/2&Prime; column_top_onmobile=\u00a0\u00bbyes\u00a0\u00bb][\/vc_column][\/vc_row][vc_row gap=\u00a0\u00bb0&Prime; bg_position=\u00a0\u00bbright center\u00a0\u00bb css=\u00a0\u00bb.vc_custom_1657156873717{padding-bottom: 100px !important;background-position: center !important;background-repeat: no-repeat !important;background-size: contain !important;}\u00a0\u00bb][vc_column][\/vc_column][\/vc_row]","og_url":"https:\/\/offres-classe7.fr\/kit-com\/mentions-legales\/","og_site_name":"Classe 7 - Kit Com","article_modified_time":"2022-09-20T23:40:16+00:00","twitter_card":"summary_large_image","twitter_misc":{"Dur\u00e9e de lecture estim\u00e9e":"4 minutes"},"schema":{"@context":"https:\/\/schema.org","@graph":[{"@type":"WebPage","@id":"https:\/\/offres-classe7.fr\/kit-com\/mentions-legales\/","url":"https:\/\/offres-classe7.fr\/kit-com\/mentions-legales\/","name":"Mentions l\u00e9gales - Classe 7 - Kit Com","isPartOf":{"@id":"https:\/\/offres-classe7.fr\/kit-com\/#website"},"datePublished":"2022-07-07T01:20:38+00:00","dateModified":"2022-09-20T23:40:16+00:00","breadcrumb":{"@id":"https:\/\/offres-classe7.fr\/kit-com\/mentions-legales\/#breadcrumb"},"inLanguage":"fr-FR","potentialAction":[{"@type":"ReadAction","target":["https:\/\/offres-classe7.fr\/kit-com\/mentions-legales\/"]}]},{"@type":"BreadcrumbList","@id":"https:\/\/offres-classe7.fr\/kit-com\/mentions-legales\/#breadcrumb","itemListElement":[{"@type":"ListItem","position":1,"name":"Accueil","item":"https:\/\/offres-classe7.fr\/kit-com\/"},{"@type":"ListItem","position":2,"name":"Mentions l\u00e9gales"}]},{"@type":"WebSite","@id":"https:\/\/offres-classe7.fr\/kit-com\/#website","url":"https:\/\/offres-classe7.fr\/kit-com\/","name":"Classe 7 - Kit Com","description":"Embarquez pour l&#039;aventure communication avec un logo et un site","potentialAction":[{"@type":"SearchAction","target":{"@type":"EntryPoint","urlTemplate":"https:\/\/offres-classe7.fr\/kit-com\/?s={search_term_string}"},"query-input":"required name=search_term_string"}],"inLanguage":"fr-FR"}]}},"_links":{"self":[{"href":"https:\/\/offres-classe7.fr\/kit-com\/wp-json\/wp\/v2\/pages\/502","targetHints":{"allow":["GET"]}}],"collection":[{"href":"https:\/\/offres-classe7.fr\/kit-com\/wp-json\/wp\/v2\/pages"}],"about":[{"href":"https:\/\/offres-classe7.fr\/kit-com\/wp-json\/wp\/v2\/types\/page"}],"author":[{"embeddable":true,"href":"https:\/\/offres-classe7.fr\/kit-com\/wp-json\/wp\/v2\/users\/1"}],"replies":[{"embeddable":true,"href":"https:\/\/offres-classe7.fr\/kit-com\/wp-json\/wp\/v2\/comments?post=502"}],"version-history":[{"count":5,"href":"https:\/\/offres-classe7.fr\/kit-com\/wp-json\/wp\/v2\/pages\/502\/revisions"}],"predecessor-version":[{"id":864,"href":"https:\/\/offres-classe7.fr\/kit-com\/wp-json\/wp\/v2\/pages\/502\/revisions\/864"}],"wp:attachment":[{"href":"https:\/\/offres-classe7.fr\/kit-com\/wp-json\/wp\/v2\/media?parent=502"}],"curies":[{"name":"wp","href":"https:\/\/api.w.org\/{rel}","templated":true}]}}